{"id":17681,"date":"2015-07-28T14:31:43","date_gmt":"2015-07-28T14:31:43","guid":{"rendered":"http:\/\/demo.edge-themes.com\/hudson\/?page_id=17681"},"modified":"2025-02-24T15:27:54","modified_gmt":"2025-02-24T12:27:54","slug":"media","status":"publish","type":"page","link":"https:\/\/www.livzym.com\/index.php\/media\/","title":{"rendered":"Media"},"content":{"rendered":"<div class=\"wpb-content-wrapper\"><p>[vc_row row_type=&#8221;row&#8221; use_row_as_full_screen_section=&#8221;no&#8221; type=&#8221;grid&#8221; text_align=&#8221;left&#8221; padding_top=&#8221;66&#8243; padding_bottom=&#8221;56&#8243; box_shadow_on_row=&#8221;no&#8221; oblique_section=&#8221;no&#8221; oblique_section_top_and_bottom=&#8221;both&#8221; oblique_section_position=&#8221;from_left_to_right&#8221; triangle_shape=&#8221;no&#8221; triangle_shape_position=&#8221;both&#8221; floating_direction=&#8221;top-bottom&#8221; floating_speed=&#8221;3&#8243; zigzag=&#8221;yes&#8221; floating_randsize=&#8221;yes&#8221;][vc_column]<div class=\"latest_post_holder  masonry \"><ul class='post_list'><li class=\"blog-list-masonry-grid-sizer\"><\/li><li class=\"blog-list-masonry-grid-sizer-gutter\"><\/li><li class=\"blog-list-masonry-item\"><div class=\"blog_masonry_image_holder\"><a href=\"https:\/\/www.livzym.com\/index.php\/2025\/02\/24\/livzyms-challenging-journey\/\"><img loading=\"lazy\" decoding=\"async\" width=\"1100\" height=\"750\" src=\"https:\/\/www.livzym.com\/wp-content\/uploads\/2025\/02\/a1.png\" class=\"attachment-post-thumbnail size-post-thumbnail wp-post-image\" alt=\"\" srcset=\"https:\/\/www.livzym.com\/wp-content\/uploads\/2025\/02\/a1.png 1100w, https:\/\/www.livzym.com\/wp-content\/uploads\/2025\/02\/a1-300x205.png 300w, https:\/\/www.livzym.com\/wp-content\/uploads\/2025\/02\/a1-1024x698.png 1024w, https:\/\/www.livzym.com\/wp-content\/uploads\/2025\/02\/a1-768x524.png 768w, https:\/\/www.livzym.com\/wp-content\/uploads\/2025\/02\/a1-700x477.png 700w\" sizes=\"auto, (max-width: 1100px) 100vw, 1100px\" \/><span class=\"latest_post_overlay\" style=\"background-color:rgba(0,0,0,0.3);\"><\/span><\/a><div class=\"blog_masonry_date_holder\"><span class=\"masonry_date_pattern\" ><\/span><div class=\"blog_masonry_date_holder_inner\"><span class=\"date_month\">\u015eub<\/span><span class=\"date_day\" >24<\/span><span class=\"date_year\">2025<\/span><\/div><\/div><\/div><div class=\"latest_post\" ><h4 class=\"latest_post_title \" ><a href=\"https:\/\/www.livzym.com\/index.php\/2025\/02\/24\/livzyms-challenging-journey\/\" style = \"\">Livzym\u2019s Challenging Journey<\/a><\/h4><div class=\"post_info\"><\/div><p class=\"excerpt\" ><\/p><\/div><\/li><li class=\"blog-list-masonry-item\"><div class=\"blog_masonry_image_holder\"><a href=\"https:\/\/www.livzym.com\/index.php\/2024\/08\/15\/biyoteknolojide-yerli-uretime-stratejik-yatirim\/\"><img loading=\"lazy\" decoding=\"async\" width=\"1100\" height=\"756\" src=\"https:\/\/www.livzym.com\/wp-content\/uploads\/2024\/08\/blog-acilis-1.webp\" class=\"attachment-post-thumbnail size-post-thumbnail wp-post-image\" alt=\"\" srcset=\"https:\/\/www.livzym.com\/wp-content\/uploads\/2024\/08\/blog-acilis-1.webp 1100w, https:\/\/www.livzym.com\/wp-content\/uploads\/2024\/08\/blog-acilis-1-300x206.webp 300w, https:\/\/www.livzym.com\/wp-content\/uploads\/2024\/08\/blog-acilis-1-1024x704.webp 1024w, https:\/\/www.livzym.com\/wp-content\/uploads\/2024\/08\/blog-acilis-1-768x528.webp 768w, https:\/\/www.livzym.com\/wp-content\/uploads\/2024\/08\/blog-acilis-1-700x481.webp 700w\" sizes=\"auto, (max-width: 1100px) 100vw, 1100px\" \/><span class=\"latest_post_overlay\" style=\"background-color:rgba(0,0,0,0.3);\"><\/span><\/a><div class=\"blog_masonry_date_holder\"><span class=\"masonry_date_pattern\" ><\/span><div class=\"blog_masonry_date_holder_inner\"><span class=\"date_month\">A\u011fu<\/span><span class=\"date_day\" >15<\/span><span class=\"date_year\">2024<\/span><\/div><\/div><\/div><div class=\"latest_post\" ><h4 class=\"latest_post_title \" ><a href=\"https:\/\/www.livzym.com\/index.php\/2024\/08\/15\/biyoteknolojide-yerli-uretime-stratejik-yatirim\/\" style = \"\">Biyoteknolojide Yerli \u00dcretime Stratejik Yat\u0131r\u0131m<\/a><\/h4><div class=\"post_info\"><\/div><p class=\"excerpt\" >End\u00fcstriyel enzim \u00fcreticisi olan Livzym Biyoteknoloji, yeni yat\u0131r\u0131m turunda 11 milyon dolar yat\u0131r\u0131m ald\u0131. Bu yat\u0131r\u0131ma biyoteknoloji alan\u0131n\u0131n \u00f6nemli k\u00fcresel oyu<\/p><\/div><\/li><li class=\"blog-list-masonry-item\"><div class=\"blog_masonry_image_holder\"><a href=\"https:\/\/www.livzym.com\/index.php\/2022\/10\/27\/it-has-a-1-billion-dollar-export-potential\/\"><img loading=\"lazy\" decoding=\"async\" width=\"1100\" height=\"756\" src=\"https:\/\/www.livzym.com\/wp-content\/uploads\/2022\/10\/blog-acilis-2.webp\" class=\"attachment-post-thumbnail size-post-thumbnail wp-post-image\" alt=\"\" srcset=\"https:\/\/www.livzym.com\/wp-content\/uploads\/2022\/10\/blog-acilis-2.webp 1100w, https:\/\/www.livzym.com\/wp-content\/uploads\/2022\/10\/blog-acilis-2-300x206.webp 300w, https:\/\/www.livzym.com\/wp-content\/uploads\/2022\/10\/blog-acilis-2-1024x704.webp 1024w, https:\/\/www.livzym.com\/wp-content\/uploads\/2022\/10\/blog-acilis-2-768x528.webp 768w, https:\/\/www.livzym.com\/wp-content\/uploads\/2022\/10\/blog-acilis-2-700x481.webp 700w\" sizes=\"auto, (max-width: 1100px) 100vw, 1100px\" \/><span class=\"latest_post_overlay\" style=\"background-color:rgba(0,0,0,0.3);\"><\/span><\/a><div class=\"blog_masonry_date_holder\"><span class=\"masonry_date_pattern\" ><\/span><div class=\"blog_masonry_date_holder_inner\"><span class=\"date_month\">Eki<\/span><span class=\"date_day\" >27<\/span><span class=\"date_year\">2022<\/span><\/div><\/div><\/div><div class=\"latest_post\" ><h4 class=\"latest_post_title \" ><a href=\"https:\/\/www.livzym.com\/index.php\/2022\/10\/27\/it-has-a-1-billion-dollar-export-potential\/\" style = \"\">It has a 1 Billion Dollar Export Potential<\/a><\/h4><div class=\"post_info\"><\/div><p class=\"excerpt\" >Harvard'taki g\u00f6revini b\u0131rakt\u0131 ve yak\u0131n co\u011frafyada end\u00fcstriyel enzim \u00fcreten tesisi kurdu. Hedef, T\u00fcrkiye'nin y\u0131lda 150 milyon dolarl\u0131k ithalat\u0131n\u0131 her ge\u00e7en y\u0131l<\/p><\/div><\/li><li class=\"blog-list-masonry-item\"><div class=\"blog_masonry_image_holder\"><a href=\"https:\/\/www.livzym.com\/index.php\/2021\/07\/24\/turkiyenin-ve-bolgenin-ilk-endustriyel-enzim-uretim-tesisi-livzym-dunyaya-ihracata-basliyor\/\"><img loading=\"lazy\" decoding=\"async\" width=\"1100\" height=\"756\" src=\"https:\/\/www.livzym.com\/wp-content\/uploads\/2024\/08\/blog-acilis-1.webp\" class=\"attachment-post-thumbnail size-post-thumbnail wp-post-image\" alt=\"\" srcset=\"https:\/\/www.livzym.com\/wp-content\/uploads\/2024\/08\/blog-acilis-1.webp 1100w, https:\/\/www.livzym.com\/wp-content\/uploads\/2024\/08\/blog-acilis-1-300x206.webp 300w, https:\/\/www.livzym.com\/wp-content\/uploads\/2024\/08\/blog-acilis-1-1024x704.webp 1024w, https:\/\/www.livzym.com\/wp-content\/uploads\/2024\/08\/blog-acilis-1-768x528.webp 768w, https:\/\/www.livzym.com\/wp-content\/uploads\/2024\/08\/blog-acilis-1-700x481.webp 700w\" sizes=\"auto, (max-width: 1100px) 100vw, 1100px\" \/><span class=\"latest_post_overlay\" style=\"background-color:rgba(0,0,0,0.3);\"><\/span><\/a><div class=\"blog_masonry_date_holder\"><span class=\"masonry_date_pattern\" ><\/span><div class=\"blog_masonry_date_holder_inner\"><span class=\"date_month\">Tem<\/span><span class=\"date_day\" >24<\/span><span class=\"date_year\">2021<\/span><\/div><\/div><\/div><div class=\"latest_post\" ><h4 class=\"latest_post_title \" ><a href=\"https:\/\/www.livzym.com\/index.php\/2021\/07\/24\/turkiyenin-ve-bolgenin-ilk-endustriyel-enzim-uretim-tesisi-livzym-dunyaya-ihracata-basliyor\/\" style = \"\">T\u00fcrkiye&#8217;nin Ve B\u00f6lgenin \u0130lk End\u00fcstriyel Enzim \u00dcretim Tesisi<\/a><\/h4><div class=\"post_info\"><\/div><p class=\"excerpt\" >Y\u0131ll\u0131k 1 milyar dolara yak\u0131n ihracat ger\u00e7ekle\u015ftirmeyi planlayan Ar-Ge ve \u00dcretim Tesisi, T\u00fcrkiye\u2019yi yak\u0131n zamanda biyoteknoloji \u00fcss\u00fcne d\u00f6n\u00fc\u015ft\u00fcrecek.<\/p><\/div><\/li><li class=\"blog-list-masonry-item\"><div class=\"blog_masonry_image_holder\"><a href=\"https:\/\/www.livzym.com\/index.php\/2021\/07\/23\/livzym-biyoteknoloji-alaninda-turkiyeyi-gelecege-tasimaya-hazirlaniyor\/\"><img loading=\"lazy\" decoding=\"async\" width=\"1100\" height=\"756\" src=\"https:\/\/www.livzym.com\/wp-content\/uploads\/2021\/07\/blog-acilis-3.webp\" class=\"attachment-post-thumbnail size-post-thumbnail wp-post-image\" alt=\"\" srcset=\"https:\/\/www.livzym.com\/wp-content\/uploads\/2021\/07\/blog-acilis-3.webp 1100w, https:\/\/www.livzym.com\/wp-content\/uploads\/2021\/07\/blog-acilis-3-300x206.webp 300w, https:\/\/www.livzym.com\/wp-content\/uploads\/2021\/07\/blog-acilis-3-1024x704.webp 1024w, https:\/\/www.livzym.com\/wp-content\/uploads\/2021\/07\/blog-acilis-3-768x528.webp 768w, https:\/\/www.livzym.com\/wp-content\/uploads\/2021\/07\/blog-acilis-3-700x481.webp 700w\" sizes=\"auto, (max-width: 1100px) 100vw, 1100px\" \/><span class=\"latest_post_overlay\" style=\"background-color:rgba(0,0,0,0.3);\"><\/span><\/a><div class=\"blog_masonry_date_holder\"><span class=\"masonry_date_pattern\" ><\/span><div class=\"blog_masonry_date_holder_inner\"><span class=\"date_month\">Tem<\/span><span class=\"date_day\" >23<\/span><span class=\"date_year\">2021<\/span><\/div><\/div><\/div><div class=\"latest_post\" ><h4 class=\"latest_post_title \" ><a href=\"https:\/\/www.livzym.com\/index.php\/2021\/07\/23\/livzym-biyoteknoloji-alaninda-turkiyeyi-gelecege-tasimaya-hazirlaniyor\/\" style = \"\">LIVZYM, Biyoteknoloji Alan\u0131nda T\u00fcrkiye&#8217;yi Gelece\u011fe Ta\u015f\u0131maya Haz\u0131rlan\u0131yor<\/a><\/h4><div class=\"post_info\"><\/div><p class=\"excerpt\" >T\u00fcrkiye\u2019den Afrika\u2019ya, Rusya\u2019dan Orta Do\u011fu\u2019ya uzanan geni\u015f co\u011frafyan\u0131n ilk enzim \u00fcretim tesisi LIVZYM, Tuzla\u2019dan d\u00fcnyaya ihracata haz\u0131rlan\u0131yor.<\/p><\/div><\/li><li class=\"blog-list-masonry-item\"><div class=\"blog_masonry_image_holder\"><a href=\"https:\/\/www.livzym.com\/index.php\/2021\/07\/21\/yerli-ezimde-ihracat-icin-dugmeye-basildi\/\"><img loading=\"lazy\" decoding=\"async\" width=\"1100\" height=\"756\" src=\"https:\/\/www.livzym.com\/wp-content\/uploads\/2021\/07\/blog-acilis-5.webp\" class=\"attachment-post-thumbnail size-post-thumbnail wp-post-image\" alt=\"\" srcset=\"https:\/\/www.livzym.com\/wp-content\/uploads\/2021\/07\/blog-acilis-5.webp 1100w, https:\/\/www.livzym.com\/wp-content\/uploads\/2021\/07\/blog-acilis-5-300x206.webp 300w, https:\/\/www.livzym.com\/wp-content\/uploads\/2021\/07\/blog-acilis-5-1024x704.webp 1024w, https:\/\/www.livzym.com\/wp-content\/uploads\/2021\/07\/blog-acilis-5-768x528.webp 768w, https:\/\/www.livzym.com\/wp-content\/uploads\/2021\/07\/blog-acilis-5-700x481.webp 700w\" sizes=\"auto, (max-width: 1100px) 100vw, 1100px\" \/><span class=\"latest_post_overlay\" style=\"background-color:rgba(0,0,0,0.3);\"><\/span><\/a><div class=\"blog_masonry_date_holder\"><span class=\"masonry_date_pattern\" ><\/span><div class=\"blog_masonry_date_holder_inner\"><span class=\"date_month\">Tem<\/span><span class=\"date_day\" >21<\/span><span class=\"date_year\">2021<\/span><\/div><\/div><\/div><div class=\"latest_post\" ><h4 class=\"latest_post_title \" ><a href=\"https:\/\/www.livzym.com\/index.php\/2021\/07\/21\/yerli-ezimde-ihracat-icin-dugmeye-basildi\/\" style = \"\">Yerli Ezimde \u0130hracat \u0130\u00e7in D\u00fc\u011fmeye Bas\u0131ld\u0131<\/a><\/h4><div class=\"post_info\"><\/div><p class=\"excerpt\" >T\u00fcrkiye\u2019den Afrika\u2019ya, Rusya\u2019dan Ortado\u011fu\u2019ya uzanan geni\u015f co\u011frafyan\u0131n ilk enzim \u00fcretim tesisi LIVZYM, Tuzla\u2019dan d\u00fcnyaya ihracata haz\u0131rlan\u0131yor. Y\u0131ll\u0131k 1<\/p><\/div><\/li><li class=\"blog-list-masonry-item\"><div class=\"blog_masonry_image_holder\"><a href=\"https:\/\/www.livzym.com\/index.php\/2020\/01\/01\/turkiyenin-ilk-yerli-endustriyel-enzim-fabrikasi-livzym-biyoteknolojinin-acilis-toreni-gerceklesti\/\"><img loading=\"lazy\" decoding=\"async\" width=\"1100\" height=\"756\" src=\"https:\/\/www.livzym.com\/wp-content\/uploads\/2020\/01\/blog-acilis-4.webp\" class=\"attachment-post-thumbnail size-post-thumbnail wp-post-image\" alt=\"\" srcset=\"https:\/\/www.livzym.com\/wp-content\/uploads\/2020\/01\/blog-acilis-4.webp 1100w, https:\/\/www.livzym.com\/wp-content\/uploads\/2020\/01\/blog-acilis-4-300x206.webp 300w, https:\/\/www.livzym.com\/wp-content\/uploads\/2020\/01\/blog-acilis-4-1024x704.webp 1024w, https:\/\/www.livzym.com\/wp-content\/uploads\/2020\/01\/blog-acilis-4-768x528.webp 768w, https:\/\/www.livzym.com\/wp-content\/uploads\/2020\/01\/blog-acilis-4-700x481.webp 700w\" sizes=\"auto, (max-width: 1100px) 100vw, 1100px\" \/><span class=\"latest_post_overlay\" style=\"background-color:rgba(0,0,0,0.3);\"><\/span><\/a><div class=\"blog_masonry_date_holder\"><span class=\"masonry_date_pattern\" ><\/span><div class=\"blog_masonry_date_holder_inner\"><span class=\"date_month\">Oca<\/span><span class=\"date_day\" >01<\/span><span class=\"date_year\">2020<\/span><\/div><\/div><\/div><div class=\"latest_post\" ><h4 class=\"latest_post_title \" ><a href=\"https:\/\/www.livzym.com\/index.php\/2020\/01\/01\/turkiyenin-ilk-yerli-endustriyel-enzim-fabrikasi-livzym-biyoteknolojinin-acilis-toreni-gerceklesti\/\" style = \"\">T\u00fcrkiye\u2019nin \u0130lk Yerli End\u00fcstriyel Enzim Fabrikas\u0131 LIVZYM Biyoteknoloji\u2019nin A\u00e7\u0131l\u0131\u015f T\u00f6reni Ger\u00e7ekle\u015fti<\/a><\/h4><div class=\"post_info\"><\/div><p class=\"excerpt\" >Ziraat Kat\u0131l\u0131m olarak sermaye ortakl\u0131\u011f\u0131 ile hayata ge\u00e7irilmesine katk\u0131 verdi\u011fimiz T\u00fcrkiye\u2019nin \u0130lk Yerli End\u00fcstriyel Enzim Fabrikas\u0131 LIVZYM Biyoteknoloji\u2019nin<\/p><\/div><\/li><\/ul><\/div>[\/vc_column][\/vc_row]<\/p>\n<\/div>","protected":false},"excerpt":{"rendered":"<p>[vc_row row_type=&#8221;row&#8221; use_row_as_full_screen_section=&#8221;no&#8221; type=&#8221;grid&#8221; text_align=&#8221;left&#8221; padding_top=&#8221;66&#8243; padding_bottom=&#8221;56&#8243; box_shadow_on_row=&#8221;no&#8221; oblique_section=&#8221;no&#8221; oblique_section_top_and_bottom=&#8221;both&#8221; oblique_section_position=&#8221;from_left_to_right&#8221; triangle_shape=&#8221;no&#8221; triangle_shape_position=&#8221;both&#8221; floating_direction=&#8221;top-bottom&#8221; floating_speed=&#8221;3&#8243; zigzag=&#8221;yes&#8221; floating_randsize=&#8221;yes&#8221;][vc_column][\/vc_column][\/vc_row]<\/p>\n","protected":false},"author":1,"featured_media":0,"parent":0,"menu_order":0,"comment_status":"open","ping_status":"open","template":"full_width.php","meta":{"footnotes":""},"class_list":["post-17681","page","type-page","status-publish","hentry"],"_links":{"self":[{"href":"https:\/\/www.livzym.com\/index.php\/wp-json\/wp\/v2\/pages\/17681","targetHints":{"allow":["GET"]}}],"collection":[{"href":"https:\/\/www.livzym.com\/index.php\/wp-json\/wp\/v2\/pages"}],"about":[{"href":"https:\/\/www.livzym.com\/index.php\/wp-json\/wp\/v2\/types\/page"}],"author":[{"embeddable":true,"href":"https:\/\/www.livzym.com\/index.php\/wp-json\/wp\/v2\/users\/1"}],"replies":[{"embeddable":true,"href":"https:\/\/www.livzym.com\/index.php\/wp-json\/wp\/v2\/comments?post=17681"}],"version-history":[{"count":9,"href":"https:\/\/www.livzym.com\/index.php\/wp-json\/wp\/v2\/pages\/17681\/revisions"}],"predecessor-version":[{"id":21278,"href":"https:\/\/www.livzym.com\/index.php\/wp-json\/wp\/v2\/pages\/17681\/revisions\/21278"}],"wp:attachment":[{"href":"https:\/\/www.livzym.com\/index.php\/wp-json\/wp\/v2\/media?parent=17681"}],"curies":[{"name":"wp","href":"https:\/\/api.w.org\/{rel}","templated":true}]}}