{"id":16261,"date":"2015-07-27T08:53:52","date_gmt":"2015-07-27T08:53:52","guid":{"rendered":"http:\/\/demo.edge-themes.com\/hudson\/?page_id=16261"},"modified":"2024-12-10T23:09:56","modified_gmt":"2024-12-10T20:09:56","slug":"who-we-are","status":"publish","type":"page","link":"https:\/\/www.livzym.com\/index.php\/who-we-are\/","title":{"rendered":"Who We Are"},"content":{"rendered":"<div class=\"wpb-content-wrapper\"><p>[vc_row row_type=&#8221;row&#8221; use_row_as_full_screen_section=&#8221;no&#8221; type=&#8221;grid&#8221; text_align=&#8221;left&#8221; padding_top=&#8221;66&#8243; box_shadow_on_row=&#8221;no&#8221; floating_direction=&#8221;top-bottom&#8221; floating_speed=&#8221;3&#8243; zigzag=&#8221;yes&#8221; floating_randsize=&#8221;yes&#8221;][vc_column offset=&#8221;vc_hidden-xs&#8221;][vc_column_text css=&#8221;&#8221;]At Livzym, we are <span class=\"TextRun SCXO73909323 BCX0\" lang=\"TR-TR\" xml:lang=\"TR-TR\" data-contrast=\"auto\"><span class=\"SpellingError SCXO73909323 BCX0\">visionaries<\/span><\/span> in precision fermentation, committed to delivering sustainable solutions that drive innovation across industries. Our expertise in modifying microorganisms and scaling production allows us to create environmentally friendly products that are highly scalable.[\/vc_column_text][no_elements_holder number_of_columns=&#8221;two_columns&#8221;][no_elements_holder_item aligment=&#8221;left&#8221; vertical_alignment=&#8221;middle&#8221; advanced_animations=&#8221;no&#8221; elemnts_holder_frame=&#8221;no&#8221;][vc_separator type=&#8221;transparent&#8221; up=&#8221;24&#8243; up_style=&#8221;px&#8221; down=&#8221;0&#8243; down_style=&#8221;px&#8221;][vc_column_text css=&#8221;&#8221;]Our core business is producing high-quality enzymes\u2014one of the most advanced outcomes of precision fermentation. Using cutting-edge microorganism engineering, we develop enzymes that serve a wide range of industrial applications. Our production processes are carefully scaled to meet market demands, ensuring our products are competitive.[\/vc_column_text][vc_separator type=&#8221;transparent&#8221; up=&#8221;24&#8243; up_style=&#8221;px&#8221; down=&#8221;0&#8243; down_style=&#8221;px&#8221;][vc_column_text css=&#8221;&#8221;]We specialize in scaling fermentation from lab to large-scale production. Our advanced platforms and state-of-the-art facilities guarantee a seamless transition from concept to commercialization.[\/vc_column_text][vc_separator type=&#8221;transparent&#8221; up=&#8221;24&#8243; up_style=&#8221;px&#8221; down=&#8221;0&#8243; down_style=&#8221;px&#8221;][vc_column_text css=&#8221;&#8221;]We believe the future of production lies at the intersection of biology and technology. Our precision fermentation platform enables us to transform microorganisms into sustainable, high-value products, providing a cleaner, greener alternative to traditional manufacturing methods.[\/vc_column_text][vc_separator type=&#8221;transparent&#8221; up=&#8221;24&#8243; up_style=&#8221;px&#8221; down=&#8221;0&#8243; down_style=&#8221;px&#8221;][vc_column_text css=&#8221;&#8221;]Our mission is to unlock the potential of microorganisms through precision fermentation\u2014developing solutions that meet today\u2019s needs while safeguarding the planet for tomorrow. Whether creating enzymes or producing specialized bioproducts at scale, we are pushing the boundaries of sustainable biotech innovation.[\/vc_column_text][\/no_elements_holder_item][no_elements_holder_item item_padding=&#8221;0 0 0 12px&#8221; aligment=&#8221;left&#8221; vertical_alignment=&#8221;middle&#8221; advanced_animations=&#8221;no&#8221;][vc_single_image image=&#8221;21123&#8243; img_size=&#8221;full&#8221; alignment=&#8221;center&#8221; css=&#8221;&#8221; hover_animation=&#8221;no&#8221;][vc_separator type=&#8221;transparent&#8221; up=&#8221;20&#8243; up_style=&#8221;px&#8221; down=&#8221;0&#8243; down_style=&#8221;px&#8221;][\/no_elements_holder_item][\/no_elements_holder][vc_separator type=&#8221;transparent&#8221; up=&#8221;95&#8243; up_style=&#8221;px&#8221; down=&#8221;0&#8243; down_style=&#8221;px&#8221;][\/vc_column][\/vc_row][vc_row row_type=&#8221;row&#8221; use_row_as_full_screen_section=&#8221;no&#8221; type=&#8221;grid&#8221; text_align=&#8221;left&#8221; box_shadow_on_row=&#8221;no&#8221; floating_direction=&#8221;top-bottom&#8221; floating_speed=&#8221;3&#8243; zigzag=&#8221;yes&#8221; floating_randsize=&#8221;yes&#8221;][vc_column offset=&#8221;vc_hidden-lg vc_hidden-md vc_hidden-sm&#8221;][vc_column_text css=&#8221;&#8221;]At Livzym, we are <span class=\"TextRun SCXO73909323 BCX0\" lang=\"TR-TR\" xml:lang=\"TR-TR\" data-contrast=\"auto\"><span class=\"SpellingError SCXO73909323 BCX0\">visionaries<\/span><\/span> in precision fermentation, committed to delivering sustainable solutions that drive innovation across industries. Our expertise in modifying microorganisms and scaling production allows us to create environmentally friendly products that are highly scalable.[\/vc_column_text][no_elements_holder number_of_columns=&#8221;one_column&#8221;][no_elements_holder_item item_padding=&#8221;0 0 0 12px&#8221; aligment=&#8221;center&#8221; vertical_alignment=&#8221;middle&#8221; advanced_animations=&#8221;no&#8221;][vc_single_image image=&#8221;21123&#8243; img_size=&#8221;full&#8221; alignment=&#8221;center&#8221; css=&#8221;.vc_custom_1733861071052{margin-top: 10px !important;}&#8221; hover_animation=&#8221;no&#8221;][vc_separator type=&#8221;transparent&#8221; up=&#8221;20&#8243; up_style=&#8221;px&#8221; down=&#8221;0&#8243; down_style=&#8221;px&#8221;][\/no_elements_holder_item][\/no_elements_holder][no_elements_holder number_of_columns=&#8221;one_column&#8221;][no_elements_holder_item aligment=&#8221;left&#8221; vertical_alignment=&#8221;middle&#8221; advanced_animations=&#8221;no&#8221; elemnts_holder_frame=&#8221;no&#8221;][vc_separator type=&#8221;transparent&#8221; up=&#8221;24&#8243; up_style=&#8221;px&#8221; down=&#8221;0&#8243; down_style=&#8221;px&#8221;][vc_column_text css=&#8221;&#8221;]Our core business is producing high-quality enzymes\u2014one of the most advanced outcomes of precision fermentation. Using cutting-edge microorganism engineering, we develop enzymes that serve a wide range of industrial applications. Our production processes are carefully scaled to meet market demands, ensuring our products are competitive.[\/vc_column_text][vc_separator type=&#8221;transparent&#8221; up=&#8221;24&#8243; up_style=&#8221;px&#8221; down=&#8221;0&#8243; down_style=&#8221;px&#8221;][vc_column_text css=&#8221;&#8221;]We specialize in scaling fermentation from lab to large-scale production. Our advanced platforms and state-of-the-art facilities guarantee a seamless transition from concept to commercialization.[\/vc_column_text][vc_separator type=&#8221;transparent&#8221; up=&#8221;24&#8243; up_style=&#8221;px&#8221; down=&#8221;0&#8243; down_style=&#8221;px&#8221;][vc_column_text css=&#8221;&#8221;]We believe the future of production lies at the intersection of biology and technology. Our precision fermentation platform enables us to transform microorganisms into sustainable, high-value products, providing a cleaner, greener alternative to traditional manufacturing methods.[\/vc_column_text][vc_separator type=&#8221;transparent&#8221; up=&#8221;24&#8243; up_style=&#8221;px&#8221; down=&#8221;0&#8243; down_style=&#8221;px&#8221;][vc_column_text css=&#8221;&#8221;]Our mission is to unlock the potential of microorganisms through precision fermentation\u2014developing solutions that meet today\u2019s needs while safeguarding the planet for tomorrow. Whether creating enzymes or producing specialized bioproducts at scale, we are pushing the boundaries of sustainable biotech innovation.[\/vc_column_text][\/no_elements_holder_item][\/no_elements_holder][vc_separator type=&#8221;transparent&#8221; up=&#8221;95&#8243; up_style=&#8221;px&#8221; down=&#8221;0&#8243; down_style=&#8221;px&#8221;][\/vc_column][\/vc_row][vc_row row_type=&#8221;row&#8221; use_row_as_full_screen_section=&#8221;no&#8221; type=&#8221;grid&#8221; text_align=&#8221;center&#8221; pattern_background=&#8221;pattern_background&#8221; background_color=&#8221;#f9f9f9&#8243; padding_top=&#8221;65&#8243; box_shadow_on_row=&#8221;no&#8221; floating_direction=&#8221;top-bottom&#8221; floating_speed=&#8221;3&#8243; zigzag=&#8221;yes&#8221; floating_randsize=&#8221;yes&#8221;][vc_column][vc_column_text css=&#8221;&#8221;]<\/p>\n<h2>Our Services<\/h2>\n<p>[\/vc_column_text][vc_text_separator title=&#8221;&#8221; title_size=&#8221;16&#8243; text_in_box=&#8221;no&#8221; text_position=&#8221;center&#8221; box_padding=&#8221;15&#8243; line_width=&#8221;257&#8243; line_thickness=&#8221;1&#8243; line_border_style=&#8221;solid&#8221; up=&#8221;11&#8243; animation=&#8221;animate_width&#8221; line_dots=&#8221;no&#8221; title_color=&#8221;#b48360&#8243;][\/vc_column][\/vc_row][vc_row row_type=&#8221;row&#8221; use_row_as_full_screen_section=&#8221;no&#8221; type=&#8221;grid&#8221; text_align=&#8221;center&#8221; pattern_background=&#8221;pattern_background&#8221; background_color=&#8221;#f9f9f9&#8243; padding_top=&#8221;75&#8243; box_shadow_on_row=&#8221;no&#8221; floating_direction=&#8221;top-bottom&#8221; floating_speed=&#8221;3&#8243; zigzag=&#8221;yes&#8221; floating_randsize=&#8221;yes&#8221;][vc_column width=&#8221;1\/4&#8243;][vc_single_image image=&#8221;21125&#8243; img_size=&#8221;full&#8221; alignment=&#8221;center&#8221; css=&#8221;&#8221; hover_animation=&#8221;no&#8221;][vc_separator type=&#8221;transparent&#8221; up=&#8221;23&#8243; up_style=&#8221;px&#8221; down=&#8221;0&#8243; down_style=&#8221;px&#8221;][vc_column_text css=&#8221;&#8221;]<\/p>\n<h5>Stra\u0131n<br \/>\nDevelopment<\/h5>\n<p>[\/vc_column_text][vc_separator type=&#8221;transparent&#8221; up=&#8221;15&#8243; up_style=&#8221;px&#8221; down=&#8221;0&#8243; down_style=&#8221;px&#8221;][vc_column_text css=&#8221;&#8221;]We modify microorganisms to perform tailored tasks, creating efficient and scalable solutions.[\/vc_column_text][vc_separator type=&#8221;transparent&#8221; up=&#8221;41&#8243; up_style=&#8221;px&#8221; down=&#8221;0&#8243; down_style=&#8221;px&#8221;][\/vc_column][vc_column width=&#8221;1\/4&#8243;][vc_single_image image=&#8221;21127&#8243; img_size=&#8221;full&#8221; alignment=&#8221;center&#8221; css=&#8221;&#8221; hover_animation=&#8221;no&#8221;][vc_separator type=&#8221;transparent&#8221; up=&#8221;23&#8243; up_style=&#8221;px&#8221; down=&#8221;0&#8243; down_style=&#8221;px&#8221;][vc_column_text css=&#8221;&#8221;]<\/p>\n<h5>Lab and P\u0131lot Scale Fermentat\u0131on Opt\u0131m\u0131zat\u0131on<\/h5>\n<p>[\/vc_column_text][vc_separator type=&#8221;transparent&#8221; up=&#8221;15&#8243; up_style=&#8221;px&#8221; down=&#8221;0&#8243; down_style=&#8221;px&#8221;][vc_column_text css=&#8221;&#8221;]We optimize fermentation parameters at various stages, utilizing our process development tanks of 5 liters, 30 liters, 300 liters, 3m\u00b3, and 6m\u00b3 to refine the production process. [\/vc_column_text][vc_separator type=&#8221;transparent&#8221; up=&#8221;41&#8243; up_style=&#8221;px&#8221; down=&#8221;0&#8243; down_style=&#8221;px&#8221;][\/vc_column][vc_column width=&#8221;1\/4&#8243;][vc_single_image image=&#8221;21128&#8243; img_size=&#8221;full&#8221; alignment=&#8221;center&#8221; css=&#8221;&#8221; hover_animation=&#8221;no&#8221;][vc_separator type=&#8221;transparent&#8221; up=&#8221;23&#8243; up_style=&#8221;px&#8221; down=&#8221;0&#8243; down_style=&#8221;px&#8221;][vc_column_text css=&#8221;&#8221;]<\/p>\n<h5>Industr\u0131al Scale Fermentat\u0131on Opt\u0131m\u0131zat\u0131on<\/h5>\n<p>[\/vc_column_text][vc_separator type=&#8221;transparent&#8221; up=&#8221;15&#8243; up_style=&#8221;px&#8221; down=&#8221;0&#8243; down_style=&#8221;px&#8221;][vc_column_text css=&#8221;&#8221;]With the ability to scale up from 20m\u00b3 to 100m\u00b3 liters, we ensure seamless transition from pilot-scale to full industrial production. [\/vc_column_text][vc_separator type=&#8221;transparent&#8221; up=&#8221;41&#8243; up_style=&#8221;px&#8221; down=&#8221;0&#8243; down_style=&#8221;px&#8221;][\/vc_column][vc_column width=&#8221;1\/4&#8243;][vc_single_image image=&#8221;21129&#8243; img_size=&#8221;full&#8221; alignment=&#8221;center&#8221; css=&#8221;&#8221; hover_animation=&#8221;no&#8221;][vc_separator type=&#8221;transparent&#8221; up=&#8221;23&#8243; up_style=&#8221;px&#8221; down=&#8221;0&#8243; down_style=&#8221;px&#8221;][vc_column_text css=&#8221;&#8221;]<\/p>\n<h5>Eng\u0131neer\u0131ng<br \/>\nServ\u0131ces<\/h5>\n<p>[\/vc_column_text][vc_separator type=&#8221;transparent&#8221; up=&#8221;15&#8243; up_style=&#8221;px&#8221; down=&#8221;0&#8243; down_style=&#8221;px&#8221;][vc_column_text css=&#8221;&#8221;]We provide solutions in designing and developing industrial fermentation facilities for efficient, scalable, and sustainable production. [\/vc_column_text][vc_separator type=&#8221;transparent&#8221; up=&#8221;41&#8243; up_style=&#8221;px&#8221; down=&#8221;0&#8243; down_style=&#8221;px&#8221;][\/vc_column][\/vc_row][vc_row row_type=&#8221;row&#8221; use_row_as_full_screen_section=&#8221;no&#8221; type=&#8221;grid&#8221; text_align=&#8221;center&#8221; padding_top=&#8221;68&#8243; padding_bottom=&#8221;75&#8243; box_shadow_on_row=&#8221;no&#8221;][vc_column][vc_column_text css=&#8221;&#8221;]<\/p>\n<h2>Contract Based Manufacturing Solutions<\/h2>\n<p>[\/vc_column_text][vc_text_separator title=&#8221;&#8221; text_in_box=&#8221;no&#8221; text_position=&#8221;center&#8221; box_padding=&#8221;15&#8243; line_width=&#8221;258&#8243; line_thickness=&#8221;1&#8243; line_border_style=&#8221;solid&#8221; up=&#8221;12&#8243; down=&#8221;30&#8243; animation=&#8221;animate_width&#8221; line_dots=&#8221;no&#8221;][vc_column_text css=&#8221;&#8221;]In addition to our expertise in precision fermentation, Livzym operates as a Contract Manufacturing Organization (CMO). We offer end-to-end contract manufacturing services\u2014from microorganism modification to large-scale production\u2014tailored to your specific needs. Whether you\u2019re a startup looking to scale or an established company seeking sustainable solutions, our team supports you with customized, high-quality production capabilities.<\/p>\n<p>&nbsp;<\/p>\n<p>With state-of-the-art facilities and expert teams, we deliver reliable, scalable solutions, enabling you to focus on innovation while we handle the manufacturing process. Together, we work toward a greener, more sustainable future.[\/vc_column_text][\/vc_column][\/vc_row][vc_row row_type=&#8221;row&#8221; use_row_as_full_screen_section=&#8221;no&#8221; type=&#8221;full_width&#8221; text_align=&#8221;left&#8221; background_color=&#8221;#f8f8f8&#8243; side_padding=&#8221;34px 34px 34px 34px&#8221; box_shadow_on_row=&#8221;no&#8221;][vc_column][no_elements_holder number_of_columns=&#8221;two_columns&#8221;][no_elements_holder_item background_color=&#8221;#f8f8f8&#8243; item_padding=&#8221;34px&#8221; aligment=&#8221;center&#8221; advanced_animations=&#8221;no&#8221; elemnts_holder_frame=&#8221;no&#8221;][no_bordered_elements_holder hover_animation=&#8221;edgt_box_scale_in&#8221; border_color=&#8221;#00a950&#8243; border_width=&#8221;1&#8243; holder_padding=&#8221;26.4% 18% 26.7% 18%&#8221;][vc_column_text css=&#8221;&#8221;]<\/p>\n<h2 style=\"text-align: center;\">Enzymes<\/h2>\n<p>[\/vc_column_text][vc_separator type=&#8221;transparent&#8221; up=&#8221;16&#8243; up_style=&#8221;px&#8221; down=&#8221;0&#8243; down_style=&#8221;px&#8221;][vc_separator type=&#8221;transparent&#8221; up=&#8221;37&#8243; up_style=&#8221;px&#8221; down=&#8221;0&#8243; down_style=&#8221;px&#8221;][vc_column_text css=&#8221;&#8221;]<\/p>\n<p style=\"text-align: center;\">As enablers of all life on Earth, enzymes accelerate transformations across various industries. With our diverse product range, we will be happy to assist you in creating products sustainably and efficiently.<\/p>\n<p>[\/vc_column_text][vc_separator type=&#8221;transparent&#8221; up=&#8221;36&#8243; up_style=&#8221;px&#8221; down=&#8221;0&#8243; down_style=&#8221;px&#8221;]<a href=\"https:\/\/www.livzym.com\/index.php\/enzymes\/\" target=\"_self\" data-hover-animated-background-color=#00a950 data-hover-border-color=#00a950 data-hover-color=#ffffff data-icon-hover-color=#ffffff  class=\"qbutton  qbutton_with_icon fill_diagonal icon_right\" style=\"color: #00a950; border-color: #00a950; border-width: 1px; font-weight: 600; background-color: rgba(255,255,255,0.01);\"><span class=\"text_wrap\">Read More<\/span><span aria-hidden=\"true\" class=\"edgt_icon_font_elegant arrow_right button_icon\" style=\"color: #00a950;width: inherit; \" ><\/span><span class=\"a_overlay\" style=\"\"><\/span><\/a>[\/no_bordered_elements_holder][\/no_elements_holder_item][no_elements_holder_item background_image=&#8221;21118&#8243; aligment=&#8221;left&#8221; advanced_animations=&#8221;no&#8221; elemnts_holder_frame=&#8221;no&#8221;][\/no_elements_holder_item][\/no_elements_holder][\/vc_column][\/vc_row][vc_row row_type=&#8221;row&#8221; use_row_as_full_screen_section=&#8221;no&#8221; type=&#8221;full_width&#8221; text_align=&#8221;left&#8221; box_shadow_on_row=&#8221;no&#8221;][vc_column][no_elements_holder number_of_columns=&#8221;two_columns&#8221; switch_to_one_column=&#8221;1000&#8243; alignment_one_column=&#8221;center&#8221;][no_elements_holder_item background_image=&#8221;21119&#8243; aligment=&#8221;left&#8221; advanced_animations=&#8221;no&#8221; elemnts_holder_frame=&#8221;no&#8221; frame_pattern_image=&#8221;&#8221;][\/no_elements_holder_item][no_elements_holder_item background_color=&#8221;#f8f8f8&#8243; item_padding=&#8221;34px&#8221; aligment=&#8221;center&#8221; advanced_animations=&#8221;no&#8221; elemnts_holder_frame=&#8221;no&#8221;][no_bordered_elements_holder hover_animation=&#8221;edgt_box_scale_in&#8221; border_color=&#8221;#00a950&#8243; border_width=&#8221;1&#8243; holder_padding=&#8221;26.4% 18% 26.7% 18%&#8221;][vc_column_text css=&#8221;&#8221;]<\/p>\n<h2 style=\"text-align: center;\">Services<\/h2>\n<p>[\/vc_column_text][vc_separator type=&#8221;transparent&#8221; up=&#8221;16&#8243; up_style=&#8221;px&#8221; down=&#8221;0&#8243; down_style=&#8221;px&#8221;][vc_separator type=&#8221;transparent&#8221; up=&#8221;37&#8243; up_style=&#8221;px&#8221; down=&#8221;0&#8243; down_style=&#8221;px&#8221;][vc_column_text css=&#8221;&#8221;]<\/p>\n<p style=\"text-align: center;\">We believe the future of production lies at the intersection of biology and technology. Our precision fermentation platform enables us to transform microorganisms into sustainable, high-value products.<\/p>\n<p>[\/vc_column_text][vc_separator type=&#8221;transparent&#8221; up=&#8221;36&#8243; up_style=&#8221;px&#8221; down=&#8221;0&#8243; down_style=&#8221;px&#8221;]<a href=\"https:\/\/www.livzym.com\/index.php\/services\/\" target=\"_self\" data-hover-animated-background-color=#00a950 data-hover-border-color=#00a950 data-hover-color=#ffffff data-icon-hover-color=#ffffff  class=\"qbutton  qbutton_with_icon fill_diagonal icon_right\" style=\"color: #00a950; border-color: #00a950; border-width: 1px; font-weight: 600; background-color: rgba(255,255,255,0.01);\"><span class=\"text_wrap\">Read More<\/span><span aria-hidden=\"true\" class=\"edgt_icon_font_elegant arrow_right button_icon\" style=\"color: #00a950;width: inherit; \" ><\/span><span class=\"a_overlay\" style=\"\"><\/span><\/a>[\/no_bordered_elements_holder][\/no_elements_holder_item][\/no_elements_holder][\/vc_column][\/vc_row][vc_row row_type=&#8221;row&#8221; use_row_as_full_screen_section=&#8221;no&#8221; type=&#8221;full_width&#8221; text_align=&#8221;left&#8221; background_color=&#8221;#f8f8f8&#8243; side_padding=&#8221;34px 34px 34px 34px&#8221; box_shadow_on_row=&#8221;no&#8221;][vc_column][no_elements_holder number_of_columns=&#8221;two_columns&#8221;][no_elements_holder_item background_color=&#8221;#f8f8f8&#8243; item_padding=&#8221;34px&#8221; aligment=&#8221;center&#8221; advanced_animations=&#8221;no&#8221; elemnts_holder_frame=&#8221;no&#8221;][no_bordered_elements_holder hover_animation=&#8221;edgt_box_scale_in&#8221; border_color=&#8221;#00a950&#8243; border_width=&#8221;1&#8243; holder_padding=&#8221;26.4% 18% 26.7% 18%&#8221;][vc_column_text css=&#8221;&#8221;]<\/p>\n<h2 style=\"text-align: center;\">Media<\/h2>\n<p>[\/vc_column_text][vc_separator type=&#8221;transparent&#8221; up=&#8221;16&#8243; up_style=&#8221;px&#8221; down=&#8221;0&#8243; down_style=&#8221;px&#8221;][vc_separator type=&#8221;transparent&#8221; up=&#8221;37&#8243; up_style=&#8221;px&#8221; down=&#8221;0&#8243; down_style=&#8221;px&#8221;][vc_column_text css=&#8221;&#8221;]<\/p>\n<p style=\"text-align: center;\">Livzym Biotechnologies\u2019 innovative solutions and scientific studies are widely covered in the press and media. You can follow the developments in our field, our projects and achievements here.<\/p>\n<p>[\/vc_column_text][vc_separator type=&#8221;transparent&#8221; up=&#8221;36&#8243; up_style=&#8221;px&#8221; down=&#8221;0&#8243; down_style=&#8221;px&#8221;]<a href=\"https:\/\/www.livzym.com\/index.php\/elements\/standard-elements\/media\/\" target=\"_self\" data-hover-animated-background-color=#00a950 data-hover-border-color=#00a950 data-hover-color=#ffffff data-icon-hover-color=#ffffff  class=\"qbutton  qbutton_with_icon fill_diagonal icon_right\" style=\"color: #00a950; border-color: #00a950; border-width: 1px; font-weight: 600; background-color: rgba(255,255,255,0.01);\"><span class=\"text_wrap\">Read More<\/span><span aria-hidden=\"true\" class=\"edgt_icon_font_elegant arrow_right button_icon\" style=\"color: #00a950;width: inherit; \" ><\/span><span class=\"a_overlay\" style=\"\"><\/span><\/a>[\/no_bordered_elements_holder][\/no_elements_holder_item][no_elements_holder_item background_image=&#8221;21120&#8243; aligment=&#8221;left&#8221; advanced_animations=&#8221;no&#8221; elemnts_holder_frame=&#8221;no&#8221;][\/no_elements_holder_item][\/no_elements_holder][\/vc_column][\/vc_row]<\/p>\n<\/div>","protected":false},"excerpt":{"rendered":"<p>[vc_row row_type=&#8221;row&#8221; use_row_as_full_screen_section=&#8221;no&#8221; type=&#8221;grid&#8221; text_align=&#8221;left&#8221; padding_top=&#8221;66&#8243; box_shadow_on_row=&#8221;no&#8221; floating_direction=&#8221;top-bottom&#8221; floating_speed=&#8221;3&#8243; zigzag=&#8221;yes&#8221; floating_randsize=&#8221;yes&#8221;][vc_column offset=&#8221;vc_hidden-xs&#8221;][vc_column_text css=&#8221;&#8221;]At Livzym, we are visionaries in precision fermentation, committed to delivering sustainable solutions that drive innovation across industries. Our expertise in modifying microorganisms and scaling production allows us to create environmentally friendly products that are highly scalable.[\/vc_column_text][no_elements_holder number_of_columns=&#8221;two_columns&#8221;][no_elements_holder_item aligment=&#8221;left&#8221; vertical_alignment=&#8221;middle&#8221; advanced_animations=&#8221;no&#8221; elemnts_holder_frame=&#8221;no&#8221;][vc_separator type=&#8221;transparent&#8221; up=&#8221;24&#8243; up_style=&#8221;px&#8221; down=&#8221;0&#8243; down_style=&#8221;px&#8221;][vc_column_text css=&#8221;&#8221;]Our core business is producing high-quality enzymes\u2014one of the most advanced outcomes of precision fermentation. Using cutting-edge microorganism engineering, we develop enzymes that serve a wide range of industrial applications. Our&#8230;<\/p>\n","protected":false},"author":1,"featured_media":0,"parent":0,"menu_order":0,"comment_status":"open","ping_status":"open","template":"full_width.php","meta":{"footnotes":""},"class_list":["post-16261","page","type-page","status-publish","hentry"],"_links":{"self":[{"href":"https:\/\/www.livzym.com\/index.php\/wp-json\/wp\/v2\/pages\/16261","targetHints":{"allow":["GET"]}}],"collection":[{"href":"https:\/\/www.livzym.com\/index.php\/wp-json\/wp\/v2\/pages"}],"about":[{"href":"https:\/\/www.livzym.com\/index.php\/wp-json\/wp\/v2\/types\/page"}],"author":[{"embeddable":true,"href":"https:\/\/www.livzym.com\/index.php\/wp-json\/wp\/v2\/users\/1"}],"replies":[{"embeddable":true,"href":"https:\/\/www.livzym.com\/index.php\/wp-json\/wp\/v2\/comments?post=16261"}],"version-history":[{"count":69,"href":"https:\/\/www.livzym.com\/index.php\/wp-json\/wp\/v2\/pages\/16261\/revisions"}],"predecessor-version":[{"id":21130,"href":"https:\/\/www.livzym.com\/index.php\/wp-json\/wp\/v2\/pages\/16261\/revisions\/21130"}],"wp:attachment":[{"href":"https:\/\/www.livzym.com\/index.php\/wp-json\/wp\/v2\/media?parent=16261"}],"curies":[{"name":"wp","href":"https:\/\/api.w.org\/{rel}","templated":true}]}}